{"id":684,"date":"2019-09-27T13:13:09","date_gmt":"2019-09-27T13:13:09","guid":{"rendered":"https:\/\/www.biorea.fr\/legal-information\/"},"modified":"2019-09-27T13:13:09","modified_gmt":"2019-09-27T13:13:09","slug":"legal-information","status":"publish","type":"page","link":"https:\/\/www.biorea.fr\/en\/legal-information\/","title":{"rendered":"Legal information"},"content":{"rendered":"\t\t<div data-elementor-type=\"wp-page\" data-elementor-id=\"684\" class=\"elementor elementor-684 elementor-680\" data-elementor-post-type=\"page\">\n\t\t\t\t\t\t<section class=\"elementor-section elementor-top-section elementor-element elementor-element-6337299 elementor-section-boxed elementor-section-height-default elementor-section-height-default\" data-id=\"6337299\" data-element_type=\"section\" data-e-type=\"section\">\n\t\t\t\t\t\t<div class=\"elementor-container elementor-column-gap-default\">\n\t\t\t\t\t<div class=\"elementor-column elementor-col-100 elementor-top-column elementor-element elementor-element-4860d9e\" data-id=\"4860d9e\" data-element_type=\"column\" data-e-type=\"column\">\n\t\t\t<div class=\"elementor-widget-wrap elementor-element-populated\">\n\t\t\t\t\t\t<div class=\"elementor-element elementor-element-94cbef7 elementor-widget elementor-widget-text-editor\" data-id=\"94cbef7\" data-element_type=\"widget\" data-e-type=\"widget\" data-widget_type=\"text-editor.default\">\n\t\t\t\t<div class=\"elementor-widget-container\">\n\t\t\t\t\t\t\t\t\t<p>Biorea<br \/>SAS au capital de 525 000\u20ac<br \/>80274198300034<br \/>10 RUE AMPERE 22400 LAMBALLE<\/p>\n<p>H\u00e9bergement : Elyazal\u00e9e<\/p>\n<p>Conform\u00e9ment \u00e0 la Loi Informatique et Libert\u00e9s du 6 janvier 1978, vous disposez d\u2019un droit d\u2019acc\u00e8s et de rectification aux donn\u00e9es personnelles vous concernant.<\/p>\n<h1>Propri\u00e9t\u00e9 intellectuelle<\/h1>\n<p>L\u2019int\u00e9gralit\u00e9 du site Bior\u00e9a est prot\u00e9g\u00e9e par les l\u00e9gislations fran\u00e7aises et internationales relatives \u00e0 la propri\u00e9t\u00e9 intellectuelle.<br \/>Tous les droits de reproduction sont r\u00e9serv\u00e9s, y compris pour les documents t\u00e9l\u00e9chargeables. L\u2019ensemble des textes, graphismes, ic\u00f4nes, photographies, plans, logos, vid\u00e9os, sons, marques (\u2026) et plus g\u00e9n\u00e9ralement l\u2019ensemble des \u00e9l\u00e9ments composant le site Bior\u00e9a et le site lui-m\u00eame ne peuvent, conform\u00e9ment \u00e0 l\u2019article L122-4 du Code de la Propri\u00e9t\u00e9 Intellectuelle, faire l\u2019objet d\u2019une quelconque repr\u00e9sentation ou reproduction, int\u00e9grale ou partielle, sur quelque support que ce soit, sans l\u2019autorisation expresse et pr\u00e9alable de Bior\u00e9a . Le non-respect de cette interdiction constitue un acte de contrefa\u00e7on pouvant engager la responsabilit\u00e9 civile et\/ou p\u00e9nale de son auteur. Bior\u00e9a se r\u00e9serve le droit d\u2019engager des poursuites judiciaires \u00e0 l\u2019encontre de toute personne qui n\u2019aurait pas respect\u00e9 cette interdiction. De m\u00eame, il est strictement interdit d\u2019utiliser ou de reproduire le nom Bior\u00e9a et\/ou son logo, seuls ou associ\u00e9s, \u00e0 quelque titre que ce soit et sur quelque support que ce soit sans l\u2019accord pr\u00e9alable et \u00e9crit de Bior\u00e9a .<\/p>\n<h1>Responsabilit\u00e9<\/h1>\n<p>Les informations communiqu\u00e9es sur le site de sont fournies \u00e0 titre indicatif, elles sont non contractuelles et ne sauraient engager la responsabilit\u00e9 de Bior\u00e9a. Elles peuvent \u00eatre modifi\u00e9es ou mises \u00e0 jour sans pr\u00e9avis. Bior\u00e9a se r\u00e9serve \u00e9galement le droit, \u00e0 tout moment et sans pr\u00e9avis, d\u2019apporter des am\u00e9liorations et\/ou modifications au site. La responsabilit\u00e9 de Bior\u00e9a saurait \u00eatre engag\u00e9e pour :<\/p>\n<ul>\n<li>Les dommages de toute nature, directs ou indirects, r\u00e9sultant de l\u2019utilisation du site Bior\u00e9a et notamment toute perte d\u2019exploitation, perte financi\u00e8re ou commerciale, perte de programmes et\/ou de donn\u00e9es en particulier dans le syst\u00e8me d\u2019information de l\u2019utilisateur.<\/li>\n<li>Les dommages de toute nature, directs ou indirects, r\u00e9sultant du contenu et\/ou de l\u2019utilisation des sites Internet li\u00e9s au site Bior\u00e9a ou auxquels les utilisateurs pourraient avoir acc\u00e8s via le site de Bior\u00e9a.<\/li>\n<li>Les omissions et\/ou erreurs que pourraient contenir le site.<\/li>\n<\/ul>\n<h1>Utilisateurs<\/h1>\n<p>L\u2019utilisateur du pr\u00e9sent site est responsable des dommages de toute nature, mat\u00e9riels ou immat\u00e9riels, directs ou indirects, caus\u00e9s \u00e0 tout tiers, y compris \u00e0 Bior\u00e9a, du fait de l\u2019utilisation ou de l\u2019exploitation illicite du site Bior\u00e9a lui-m\u00eame et\/ou de l\u2019un de ses \u00e9l\u00e9ments, quels que soient la cause et le lieu de survenance de ces dommages, et garantit Bior\u00e9a des cons\u00e9quences des r\u00e9clamations ou actions dont elle pourrait, de ce fait, faire l\u2019objet. L\u2019utilisateur du site Bior\u00e9a renonce \u00e0 exercer tout recours contre Bior\u00e9a dans le cas de poursuites diligent\u00e9es par un tiers \u00e0 son encontre du fait de l\u2019utilisation et\/ou de l\u2019exploitation illicite du site Bior\u00e9a .<\/p>\n\t\t\t\t\t\t\t\t<\/div>\n\t\t\t\t<\/div>\n\t\t\t\t\t<\/div>\n\t\t<\/div>\n\t\t\t\t\t<\/div>\n\t\t<\/section>\n\t\t\t\t<\/div>\n\t\t","protected":false},"excerpt":{"rendered":"<p>BioreaSAS au capital de 525 000\u20ac8027419830003410 RUE AMPERE 22400 LAMBALLE H\u00e9bergement : Elyazal\u00e9e Conform\u00e9ment \u00e0 la Loi Informatique et Libert\u00e9s du 6 janvier 1978, vous disposez d\u2019un droit d\u2019acc\u00e8s et de rectification aux donn\u00e9es personnelles vous concernant. Propri\u00e9t\u00e9 intellectuelle L\u2019int\u00e9gralit\u00e9 du site Bior\u00e9a est prot\u00e9g\u00e9e par les l\u00e9gislations fran\u00e7aises et internationales relatives \u00e0 la propri\u00e9t\u00e9 [&hellip;]<\/p>\n","protected":false},"author":2,"featured_media":0,"parent":0,"menu_order":0,"comment_status":"closed","ping_status":"closed","template":"elementor_header_footer","meta":{"footnotes":""},"class_list":["post-684","page","type-page","status-publish","hentry"],"_links":{"self":[{"href":"https:\/\/www.biorea.fr\/en\/wp-json\/wp\/v2\/pages\/684","targetHints":{"allow":["GET"]}}],"collection":[{"href":"https:\/\/www.biorea.fr\/en\/wp-json\/wp\/v2\/pages"}],"about":[{"href":"https:\/\/www.biorea.fr\/en\/wp-json\/wp\/v2\/types\/page"}],"author":[{"embeddable":true,"href":"https:\/\/www.biorea.fr\/en\/wp-json\/wp\/v2\/users\/2"}],"replies":[{"embeddable":true,"href":"https:\/\/www.biorea.fr\/en\/wp-json\/wp\/v2\/comments?post=684"}],"version-history":[{"count":0,"href":"https:\/\/www.biorea.fr\/en\/wp-json\/wp\/v2\/pages\/684\/revisions"}],"wp:attachment":[{"href":"https:\/\/www.biorea.fr\/en\/wp-json\/wp\/v2\/media?parent=684"}],"curies":[{"name":"wp","href":"https:\/\/api.w.org\/{rel}","templated":true}]}}